{"id":514,"date":"2015-03-26T10:51:15","date_gmt":"2015-03-26T10:51:15","guid":{"rendered":"http:\/\/adventista.hu\/jozsa\/?page_id=514"},"modified":"2015-03-26T14:04:44","modified_gmt":"2015-03-26T14:04:44","slug":"a-teremtes-szemtanu-a-fold","status":"publish","type":"page","link":"http:\/\/jozsa.adventista.hu\/?page_id=514","title":{"rendered":"A Teremt\u00e9s: szemtan\u00fa a F\u00f6ld"},"content":{"rendered":"<p><span style=\"color: #000000;\">Hissz\u00fck, hogy a vil\u00e1got Isten a szav\u00e1val teremtette. Hogy ez igaz-e? Ennek tan\u00faja maga a csod\u00e1latos f\u00f6ld\u00fcnk. N\u00e9zd meg ezt a vide\u00f3t \u00e9s \u00edrd meg gondolataidat a lap alj\u00e1n a hozz\u00e1sz\u00f3l\u00e1sokn\u00e1l.<\/span><\/p>\n<p><span style=\"color: #99cc00;\"><em>Teljes k\u00e9perny\u0151s megtekint\u00e9shez kattints dupl\u00e1n a vide\u00f3 k\u00f6zep\u00e9be.<\/em><\/span><\/p>\n<p><iframe loading=\"lazy\" title=\"A Teremt\u00e9s: szemtan\u00fa a F\u00f6ld (HD)\" width=\"654\" height=\"368\" src=\"https:\/\/www.youtube.com\/embed\/ITbdU4dHeeM?feature=oembed\" frameborder=\"0\" allow=\"accelerometer; autoplay; clipboard-write; encrypted-media; gyroscope; picture-in-picture; web-share\" referrerpolicy=\"strict-origin-when-cross-origin\" allowfullscreen><\/iframe><\/p>\n","protected":false},"excerpt":{"rendered":"<p>Hissz\u00fck, hogy a vil\u00e1got Isten a szav\u00e1val teremtette. Hogy ez igaz-e? Ennek tan\u00faja maga a csod\u00e1latos f\u00f6ld\u00fcnk. N\u00e9zd meg ezt a vide\u00f3t \u00e9s \u00edrd meg gondolataidat a lap alj\u00e1n a hozz\u00e1sz\u00f3l\u00e1sokn\u00e1l. Teljes k\u00e9perny\u0151s megtekint\u00e9shez kattints dupl\u00e1n a vide\u00f3 k\u00f6zep\u00e9be.<\/p>\n","protected":false},"author":1,"featured_media":0,"parent":0,"menu_order":0,"comment_status":"open","ping_status":"open","template":"","meta":{"footnotes":""},"class_list":["post-514","page","type-page","status-publish","hentry"],"_links":{"self":[{"href":"http:\/\/jozsa.adventista.hu\/index.php?rest_route=\/wp\/v2\/pages\/514","targetHints":{"allow":["GET"]}}],"collection":[{"href":"http:\/\/jozsa.adventista.hu\/index.php?rest_route=\/wp\/v2\/pages"}],"about":[{"href":"http:\/\/jozsa.adventista.hu\/index.php?rest_route=\/wp\/v2\/types\/page"}],"author":[{"embeddable":true,"href":"http:\/\/jozsa.adventista.hu\/index.php?rest_route=\/wp\/v2\/users\/1"}],"replies":[{"embeddable":true,"href":"http:\/\/jozsa.adventista.hu\/index.php?rest_route=%2Fwp%2Fv2%2Fcomments&post=514"}],"version-history":[{"count":13,"href":"http:\/\/jozsa.adventista.hu\/index.php?rest_route=\/wp\/v2\/pages\/514\/revisions"}],"predecessor-version":[{"id":516,"href":"http:\/\/jozsa.adventista.hu\/index.php?rest_route=\/wp\/v2\/pages\/514\/revisions\/516"}],"wp:attachment":[{"href":"http:\/\/jozsa.adventista.hu\/index.php?rest_route=%2Fwp%2Fv2%2Fmedia&parent=514"}],"curies":[{"name":"wp","href":"https:\/\/api.w.org\/{rel}","templated":true}]}}