{"id":483,"date":"2015-03-19T20:54:26","date_gmt":"2015-03-19T20:54:26","guid":{"rendered":"http:\/\/adventista.hu\/jozsa\/?page_id=483"},"modified":"2015-03-19T20:54:47","modified_gmt":"2015-03-19T20:54:47","slug":"483-2","status":"publish","type":"page","link":"http:\/\/jozsa.adventista.hu\/?page_id=483","title":{"rendered":"Friss\u00edt\u00e9si \u00e9rtes\u00edt\u00e9s k\u00e9r\u00e9se"},"content":{"rendered":"<p>[subscribe2]<\/p>\n","protected":false},"excerpt":{"rendered":"<p>[subscribe2]<\/p>\n","protected":false},"author":1,"featured_media":0,"parent":0,"menu_order":0,"comment_status":"open","ping_status":"open","template":"","meta":{"footnotes":""},"class_list":["post-483","page","type-page","status-publish","hentry"],"_links":{"self":[{"href":"http:\/\/jozsa.adventista.hu\/index.php?rest_route=\/wp\/v2\/pages\/483","targetHints":{"allow":["GET"]}}],"collection":[{"href":"http:\/\/jozsa.adventista.hu\/index.php?rest_route=\/wp\/v2\/pages"}],"about":[{"href":"http:\/\/jozsa.adventista.hu\/index.php?rest_route=\/wp\/v2\/types\/page"}],"author":[{"embeddable":true,"href":"http:\/\/jozsa.adventista.hu\/index.php?rest_route=\/wp\/v2\/users\/1"}],"replies":[{"embeddable":true,"href":"http:\/\/jozsa.adventista.hu\/index.php?rest_route=%2Fwp%2Fv2%2Fcomments&post=483"}],"version-history":[{"count":2,"href":"http:\/\/jozsa.adventista.hu\/index.php?rest_route=\/wp\/v2\/pages\/483\/revisions"}],"predecessor-version":[{"id":485,"href":"http:\/\/jozsa.adventista.hu\/index.php?rest_route=\/wp\/v2\/pages\/483\/revisions\/485"}],"wp:attachment":[{"href":"http:\/\/jozsa.adventista.hu\/index.php?rest_route=%2Fwp%2Fv2%2Fmedia&parent=483"}],"curies":[{"name":"wp","href":"https:\/\/api.w.org\/{rel}","templated":true}]}}